{"id":58,"date":"2016-02-20T14:03:50","date_gmt":"2016-02-20T14:03:50","guid":{"rendered":"http:\/\/vandaspengler.com\/?page_id=58"},"modified":"2020-12-01T18:16:37","modified_gmt":"2020-12-01T18:16:37","slug":"intimite","status":"publish","type":"page","link":"https:\/\/vandaspengler.com\/index.php\/intimite\/","title":{"rendered":"La Bestiole"},"content":{"rendered":"<p style=\"text-align: justify;\">L\u2019exp\u00e9rience de la grossesse a \u00e9t\u00e9 l\u2019occasion pour Vanda Spengler d\u2019utiliser les m\u00e9tamorphoses que son corps a subies. Il en d\u00e9coule un travail d\u2019autoportrait qui s\u2019int\u00e9resse \u00e0 la mise en valeur de la d\u00e9formation du corps et \u00e0 l\u2019alt\u00e9ration de son statut.<br \/>\nS\u2019ensuit une \u00e9tude photographique sur le long terme th\u00e9\u00e2tralisant la relation m\u00e8re-fils dans ce qu&rsquo;elle a de plus intime.<\/p>\n<p style=\"text-align: center;\">+ + +<\/p>\n<p style=\"text-align: center;\">Tu es mon ventre. La chair de ma chair. Tu me nourris autant que tu me d\u00e9vores.<br \/>\nTu es tour \u00e0 tour mon ombre ou mon \u00e9claircie.<br \/>\nJe capture ces regards, ces pulsions de vie qui appartiennent d\u00e9j\u00e0 au pass\u00e9,<br \/>\n\u00e0 notre histoire, faite de luttes et de fusions.<\/p>\n<p style=\"text-align: center;\">Visc\u00e9rale. Primitive. Complexe.<\/p>\n<p style=\"text-align: center;\">Aur\u00e9ol\u00e9e de fantasmes de bonheurs parfaits lorsque la r\u00e9alit\u00e9 est \u00e9galement teint\u00e9e<br \/>\nd\u2019impuissance, de doutes et d\u2019abn\u00e9gations.<br \/>\nJe t\u2019observe et te scrute. Je t\u2019apprivoise, petit animal.<br \/>\nEt nous avan\u00e7ons. A t\u00e2tons.<\/p>\n<p style=\"text-align: center;\">+ + +<\/p>\n<div id=\"envira-gallery-wrap-726\" class=\"envira-gallery-wrap envira-gallery-theme-base envira-lightbox-theme-base\" itemscope itemtype=\"https:\/\/schema.org\/ImageGallery\"><div data-row-height=\"\" data-gallery-theme=\"\" id=\"envira-gallery-726\" class=\"envira-gallery-public  envira-gallery-2-columns envira-clear enviratope envira-gallery-css-animations\" data-envira-columns=\"2\"><div id=\"envira-gallery-item-286\" class=\"envira-gallery-item enviratope-item envira-gallery-item-1\" style=\"padding-left: 5px; padding-bottom: 10px; padding-right: 5px;\"  itemscope itemtype=\"https:\/\/schema.org\/ImageObject\"><div class=\"envira-gallery-item-inner\"><div class=\"envira-gallery-position-overlay  envira-gallery-top-left\"><\/div><div class=\"envira-gallery-position-overlay  envira-gallery-top-right\"><\/div><div class=\"envira-gallery-position-overlay  envira-gallery-bottom-left\"><\/div><div class=\"envira-gallery-position-overlay  envira-gallery-bottom-right\"><\/div><a href=\"http:\/\/vandaspengler.com\/wp-content\/uploads\/2016\/02\/intimite\u0301-03.jpg\" class=\"envira-gallery-726 envira-gallery-link\" rel=\"enviragallery726\" title=\"intimite\u0301 03\" data-envira-caption=\"intimite\u0301 03\" data-envira-retina=\"\" data-thumbnail=\"\"  itemprop=\"contentUrl\"><img decoding=\"async\" id=\"envira-gallery-image-286\" class=\"envira-gallery-image envira-gallery-image-1\" data-envira-index=\"1\" src=\"https:\/\/vandaspengler.com\/wp-content\/uploads\/2016\/02\/intimite\u0301-03-599x600-640x480.jpg\" data-envira-src=\"https:\/\/vandaspengler.com\/wp-content\/uploads\/2016\/02\/intimite\u0301-03-599x600-640x480.jpg\" data-envira-gallery-id=\"726\" data-envira-item-id=\"286\" data-envira-caption=\"intimite\u0301 03\" alt=\"\" title=\"intimite\u0301 03\"  itemprop=\"thumbnailUrl\" data-envira-srcset=\"https:\/\/vandaspengler.com\/wp-content\/uploads\/2016\/02\/intimite\u0301-03-599x600-640x480.jpg 400w,https:\/\/vandaspengler.com\/wp-content\/uploads\/2016\/02\/intimite\u0301-03-599x600-640x480.jpg 2x\" srcset=\"https:\/\/vandaspengler.com\/wp-content\/uploads\/2016\/02\/intimite\u0301-03-1280x960.jpg 2x\" \/><\/a><\/div><\/div><div id=\"envira-gallery-item-802\" class=\"envira-gallery-item enviratope-item envira-gallery-item-2\" style=\"padding-left: 5px; padding-bottom: 10px; padding-right: 5px;\"  itemscope itemtype=\"https:\/\/schema.org\/ImageObject\"><div class=\"envira-gallery-item-inner\"><div class=\"envira-gallery-position-overlay  envira-gallery-top-left\"><\/div><div class=\"envira-gallery-position-overlay  envira-gallery-top-right\"><\/div><div class=\"envira-gallery-position-overlay  envira-gallery-bottom-left\"><\/div><div class=\"envira-gallery-position-overlay  envira-gallery-bottom-right\"><\/div><a href=\"http:\/\/vandaspengler.com\/wp-content\/uploads\/2018\/05\/la-bestiole-2.jpg\" class=\"envira-gallery-726 envira-gallery-link\" rel=\"enviragallery726\" title=\"la bestiole 2\" data-envira-caption=\"la bestiole 2\" data-envira-retina=\"\" data-thumbnail=\"\"  itemprop=\"contentUrl\"><img decoding=\"async\" id=\"envira-gallery-image-802\" class=\"envira-gallery-image envira-gallery-image-2\" data-envira-index=\"2\" src=\"https:\/\/vandaspengler.com\/wp-content\/uploads\/2018\/05\/la-bestiole-2-900x600-640x480.jpg\" data-envira-src=\"https:\/\/vandaspengler.com\/wp-content\/uploads\/2018\/05\/la-bestiole-2-900x600-640x480.jpg\" data-envira-gallery-id=\"726\" data-envira-item-id=\"802\" data-envira-caption=\"la bestiole 2\" alt=\"\" title=\"la bestiole 2\"  itemprop=\"thumbnailUrl\" data-envira-srcset=\"https:\/\/vandaspengler.com\/wp-content\/uploads\/2018\/05\/la-bestiole-2-900x600-640x480.jpg 400w,https:\/\/vandaspengler.com\/wp-content\/uploads\/2018\/05\/la-bestiole-2-900x600-640x480.jpg 2x\" srcset=\"https:\/\/vandaspengler.com\/wp-content\/uploads\/2018\/05\/la-bestiole-2-1280x960.jpg 2x\" \/><\/a><\/div><\/div><div id=\"envira-gallery-item-803\" class=\"envira-gallery-item enviratope-item envira-gallery-item-3\" style=\"padding-left: 5px; padding-bottom: 10px; padding-right: 5px;\"  itemscope itemtype=\"https:\/\/schema.org\/ImageObject\"><div class=\"envira-gallery-item-inner\"><div class=\"envira-gallery-position-overlay  envira-gallery-top-left\"><\/div><div class=\"envira-gallery-position-overlay  envira-gallery-top-right\"><\/div><div class=\"envira-gallery-position-overlay  envira-gallery-bottom-left\"><\/div><div class=\"envira-gallery-position-overlay  envira-gallery-bottom-right\"><\/div><a href=\"http:\/\/vandaspengler.com\/wp-content\/uploads\/2018\/05\/la-bestiole-1.jpg\" class=\"envira-gallery-726 envira-gallery-link\" rel=\"enviragallery726\" title=\"la bestiole 1\" data-envira-caption=\"la bestiole 1\" data-envira-retina=\"\" data-thumbnail=\"\"  itemprop=\"contentUrl\"><img decoding=\"async\" id=\"envira-gallery-image-803\" class=\"envira-gallery-image envira-gallery-image-3\" data-envira-index=\"3\" src=\"https:\/\/vandaspengler.com\/wp-content\/uploads\/2018\/05\/la-bestiole-1-900x600-640x480.jpg\" data-envira-src=\"https:\/\/vandaspengler.com\/wp-content\/uploads\/2018\/05\/la-bestiole-1-900x600-640x480.jpg\" data-envira-gallery-id=\"726\" data-envira-item-id=\"803\" data-envira-caption=\"la bestiole 1\" alt=\"\" title=\"la bestiole 1\"  itemprop=\"thumbnailUrl\" data-envira-srcset=\"https:\/\/vandaspengler.com\/wp-content\/uploads\/2018\/05\/la-bestiole-1-900x600-640x480.jpg 400w,https:\/\/vandaspengler.com\/wp-content\/uploads\/2018\/05\/la-bestiole-1-900x600-640x480.jpg 2x\" srcset=\"https:\/\/vandaspengler.com\/wp-content\/uploads\/2018\/05\/la-bestiole-1-1280x960.jpg 2x\" \/><\/a><\/div><\/div><div id=\"envira-gallery-item-801\" class=\"envira-gallery-item enviratope-item envira-gallery-item-4\" style=\"padding-left: 5px; padding-bottom: 10px; padding-right: 5px;\"  itemscope itemtype=\"https:\/\/schema.org\/ImageObject\"><div class=\"envira-gallery-item-inner\"><div class=\"envira-gallery-position-overlay  envira-gallery-top-left\"><\/div><div class=\"envira-gallery-position-overlay  envira-gallery-top-right\"><\/div><div class=\"envira-gallery-position-overlay  envira-gallery-bottom-left\"><\/div><div class=\"envira-gallery-position-overlay  envira-gallery-bottom-right\"><\/div><a href=\"http:\/\/vandaspengler.com\/wp-content\/uploads\/2018\/05\/la-bestiole-4.jpg\" class=\"envira-gallery-726 envira-gallery-link\" rel=\"enviragallery726\" title=\"la bestiole 4\" data-envira-caption=\"la bestiole 4\" data-envira-retina=\"\" data-thumbnail=\"\"  itemprop=\"contentUrl\"><img decoding=\"async\" id=\"envira-gallery-image-801\" class=\"envira-gallery-image envira-gallery-image-4\" data-envira-index=\"4\" src=\"https:\/\/vandaspengler.com\/wp-content\/uploads\/2018\/05\/la-bestiole-4-900x317-640x480.jpg\" data-envira-src=\"https:\/\/vandaspengler.com\/wp-content\/uploads\/2018\/05\/la-bestiole-4-900x317-640x480.jpg\" data-envira-gallery-id=\"726\" data-envira-item-id=\"801\" data-envira-caption=\"la bestiole 4\" alt=\"\" title=\"la bestiole 4\"  itemprop=\"thumbnailUrl\" data-envira-srcset=\"https:\/\/vandaspengler.com\/wp-content\/uploads\/2018\/05\/la-bestiole-4-900x317-640x480.jpg 400w,https:\/\/vandaspengler.com\/wp-content\/uploads\/2018\/05\/la-bestiole-4-900x317-640x480.jpg 2x\" srcset=\"https:\/\/vandaspengler.com\/wp-content\/uploads\/2018\/05\/la-bestiole-4-1280x960.jpg 2x\" \/><\/a><\/div><\/div><div id=\"envira-gallery-item-800\" class=\"envira-gallery-item enviratope-item envira-gallery-item-5\" style=\"padding-left: 5px; padding-bottom: 10px; padding-right: 5px;\"  itemscope itemtype=\"https:\/\/schema.org\/ImageObject\"><div class=\"envira-gallery-item-inner\"><div class=\"envira-gallery-position-overlay  envira-gallery-top-left\"><\/div><div class=\"envira-gallery-position-overlay  envira-gallery-top-right\"><\/div><div class=\"envira-gallery-position-overlay  envira-gallery-bottom-left\"><\/div><div class=\"envira-gallery-position-overlay  envira-gallery-bottom-right\"><\/div><a href=\"http:\/\/vandaspengler.com\/wp-content\/uploads\/2018\/05\/la-bestiole-5.jpg\" class=\"envira-gallery-726 envira-gallery-link\" rel=\"enviragallery726\" title=\"la bestiole 5\" data-envira-caption=\"la bestiole 5\" data-envira-retina=\"\" data-thumbnail=\"\"  itemprop=\"contentUrl\"><img decoding=\"async\" id=\"envira-gallery-image-800\" class=\"envira-gallery-image envira-gallery-image-5\" data-envira-index=\"5\" src=\"https:\/\/vandaspengler.com\/wp-content\/uploads\/2018\/05\/la-bestiole-5-900x600-640x480.jpg\" data-envira-src=\"https:\/\/vandaspengler.com\/wp-content\/uploads\/2018\/05\/la-bestiole-5-900x600-640x480.jpg\" data-envira-gallery-id=\"726\" data-envira-item-id=\"800\" data-envira-caption=\"la bestiole 5\" alt=\"\" title=\"la bestiole 5\"  itemprop=\"thumbnailUrl\" data-envira-srcset=\"https:\/\/vandaspengler.com\/wp-content\/uploads\/2018\/05\/la-bestiole-5-900x600-640x480.jpg 400w,https:\/\/vandaspengler.com\/wp-content\/uploads\/2018\/05\/la-bestiole-5-900x600-640x480.jpg 2x\" srcset=\"https:\/\/vandaspengler.com\/wp-content\/uploads\/2018\/05\/la-bestiole-5-1280x960.jpg 2x\" \/><\/a><\/div><\/div><div id=\"envira-gallery-item-799\" class=\"envira-gallery-item enviratope-item envira-gallery-item-6\" style=\"padding-left: 5px; padding-bottom: 10px; padding-right: 5px;\"  itemscope itemtype=\"https:\/\/schema.org\/ImageObject\"><div class=\"envira-gallery-item-inner\"><div class=\"envira-gallery-position-overlay  envira-gallery-top-left\"><\/div><div class=\"envira-gallery-position-overlay  envira-gallery-top-right\"><\/div><div class=\"envira-gallery-position-overlay  envira-gallery-bottom-left\"><\/div><div class=\"envira-gallery-position-overlay  envira-gallery-bottom-right\"><\/div><a href=\"http:\/\/vandaspengler.com\/wp-content\/uploads\/2018\/05\/la-bestiole-7.jpg\" class=\"envira-gallery-726 envira-gallery-link\" rel=\"enviragallery726\" title=\"la bestiole 7\" data-envira-caption=\"la bestiole 7\" data-envira-retina=\"\" data-thumbnail=\"\"  itemprop=\"contentUrl\"><img decoding=\"async\" id=\"envira-gallery-image-799\" class=\"envira-gallery-image envira-gallery-image-6\" data-envira-index=\"6\" src=\"https:\/\/vandaspengler.com\/wp-content\/uploads\/2018\/05\/la-bestiole-7-900x596-640x480.jpg\" data-envira-src=\"https:\/\/vandaspengler.com\/wp-content\/uploads\/2018\/05\/la-bestiole-7-900x596-640x480.jpg\" data-envira-gallery-id=\"726\" data-envira-item-id=\"799\" data-envira-caption=\"la bestiole 7\" alt=\"\" title=\"la bestiole 7\"  itemprop=\"thumbnailUrl\" data-envira-srcset=\"https:\/\/vandaspengler.com\/wp-content\/uploads\/2018\/05\/la-bestiole-7-900x596-640x480.jpg 400w,https:\/\/vandaspengler.com\/wp-content\/uploads\/2018\/05\/la-bestiole-7-900x596-640x480.jpg 2x\" srcset=\"https:\/\/vandaspengler.com\/wp-content\/uploads\/2018\/05\/la-bestiole-7-1280x960.jpg 2x\" \/><\/a><\/div><\/div><div id=\"envira-gallery-item-798\" class=\"envira-gallery-item enviratope-item envira-gallery-item-7\" style=\"padding-left: 5px; padding-bottom: 10px; padding-right: 5px;\"  itemscope itemtype=\"https:\/\/schema.org\/ImageObject\"><div class=\"envira-gallery-item-inner\"><div class=\"envira-gallery-position-overlay  envira-gallery-top-left\"><\/div><div class=\"envira-gallery-position-overlay  envira-gallery-top-right\"><\/div><div class=\"envira-gallery-position-overlay  envira-gallery-bottom-left\"><\/div><div class=\"envira-gallery-position-overlay  envira-gallery-bottom-right\"><\/div><a href=\"http:\/\/vandaspengler.com\/wp-content\/uploads\/2018\/05\/la-bestiole-8.jpg\" class=\"envira-gallery-726 envira-gallery-link\" rel=\"enviragallery726\" title=\"la bestiole 8\" data-envira-caption=\"la bestiole 8\" data-envira-retina=\"\" data-thumbnail=\"\"  itemprop=\"contentUrl\"><img decoding=\"async\" id=\"envira-gallery-image-798\" class=\"envira-gallery-image envira-gallery-image-7\" data-envira-index=\"7\" src=\"https:\/\/vandaspengler.com\/wp-content\/uploads\/2018\/05\/la-bestiole-8-900x596-640x480.jpg\" data-envira-src=\"https:\/\/vandaspengler.com\/wp-content\/uploads\/2018\/05\/la-bestiole-8-900x596-640x480.jpg\" data-envira-gallery-id=\"726\" data-envira-item-id=\"798\" data-envira-caption=\"la bestiole 8\" alt=\"\" title=\"la bestiole 8\"  itemprop=\"thumbnailUrl\" data-envira-srcset=\"https:\/\/vandaspengler.com\/wp-content\/uploads\/2018\/05\/la-bestiole-8-900x596-640x480.jpg 400w,https:\/\/vandaspengler.com\/wp-content\/uploads\/2018\/05\/la-bestiole-8-900x596-640x480.jpg 2x\" srcset=\"https:\/\/vandaspengler.com\/wp-content\/uploads\/2018\/05\/la-bestiole-8-1280x960.jpg 2x\" \/><\/a><\/div><\/div><div id=\"envira-gallery-item-288\" class=\"envira-gallery-item enviratope-item envira-gallery-item-8\" style=\"padding-left: 5px; padding-bottom: 10px; padding-right: 5px;\"  itemscope itemtype=\"https:\/\/schema.org\/ImageObject\"><div class=\"envira-gallery-item-inner\"><div class=\"envira-gallery-position-overlay  envira-gallery-top-left\"><\/div><div class=\"envira-gallery-position-overlay  envira-gallery-top-right\"><\/div><div class=\"envira-gallery-position-overlay  envira-gallery-bottom-left\"><\/div><div class=\"envira-gallery-position-overlay  envira-gallery-bottom-right\"><\/div><a href=\"http:\/\/vandaspengler.com\/wp-content\/uploads\/2016\/02\/intimite\u0301-05.jpg\" class=\"envira-gallery-726 envira-gallery-link\" rel=\"enviragallery726\" title=\"intimite\u0301 05\" data-envira-caption=\"intimite\u0301 05\" data-envira-retina=\"\" data-thumbnail=\"\"  itemprop=\"contentUrl\"><img decoding=\"async\" id=\"envira-gallery-image-288\" class=\"envira-gallery-image envira-gallery-image-8\" data-envira-index=\"8\" src=\"https:\/\/vandaspengler.com\/wp-content\/uploads\/2016\/02\/intimite\u0301-05-602x600-640x480.jpg\" data-envira-src=\"https:\/\/vandaspengler.com\/wp-content\/uploads\/2016\/02\/intimite\u0301-05-602x600-640x480.jpg\" data-envira-gallery-id=\"726\" data-envira-item-id=\"288\" data-envira-caption=\"intimite\u0301 05\" alt=\"\" title=\"intimite\u0301 05\"  itemprop=\"thumbnailUrl\" data-envira-srcset=\"https:\/\/vandaspengler.com\/wp-content\/uploads\/2016\/02\/intimite\u0301-05-602x600-640x480.jpg 400w,https:\/\/vandaspengler.com\/wp-content\/uploads\/2016\/02\/intimite\u0301-05-602x600-640x480.jpg 2x\" srcset=\"https:\/\/vandaspengler.com\/wp-content\/uploads\/2016\/02\/intimite\u0301-05-1280x960.jpg 2x\" \/><\/a><\/div><\/div><div id=\"envira-gallery-item-331\" class=\"envira-gallery-item enviratope-item envira-gallery-item-9\" style=\"padding-left: 5px; padding-bottom: 10px; padding-right: 5px;\"  itemscope itemtype=\"https:\/\/schema.org\/ImageObject\"><div class=\"envira-gallery-item-inner\"><div class=\"envira-gallery-position-overlay  envira-gallery-top-left\"><\/div><div class=\"envira-gallery-position-overlay  envira-gallery-top-right\"><\/div><div class=\"envira-gallery-position-overlay  envira-gallery-bottom-left\"><\/div><div class=\"envira-gallery-position-overlay  envira-gallery-bottom-right\"><\/div><a href=\"http:\/\/vandaspengler.com\/wp-content\/uploads\/2016\/02\/intimite\u0301-18.jpg\" class=\"envira-gallery-726 envira-gallery-link\" rel=\"enviragallery726\" title=\"intimite\u0301 18\" data-envira-caption=\"intimite\u0301 18\" data-envira-retina=\"\" data-thumbnail=\"\"  itemprop=\"contentUrl\"><img decoding=\"async\" id=\"envira-gallery-image-331\" class=\"envira-gallery-image envira-gallery-image-9\" data-envira-index=\"9\" src=\"https:\/\/vandaspengler.com\/wp-content\/uploads\/2016\/02\/intimite\u0301-18-600x600-640x480.jpg\" data-envira-src=\"https:\/\/vandaspengler.com\/wp-content\/uploads\/2016\/02\/intimite\u0301-18-600x600-640x480.jpg\" data-envira-gallery-id=\"726\" data-envira-item-id=\"331\" data-envira-caption=\"intimite\u0301 18\" alt=\"\" title=\"intimite\u0301 18\"  itemprop=\"thumbnailUrl\" data-envira-srcset=\"https:\/\/vandaspengler.com\/wp-content\/uploads\/2016\/02\/intimite\u0301-18-600x600-640x480.jpg 400w,https:\/\/vandaspengler.com\/wp-content\/uploads\/2016\/02\/intimite\u0301-18-600x600-640x480.jpg 2x\" srcset=\"https:\/\/vandaspengler.com\/wp-content\/uploads\/2016\/02\/intimite\u0301-18-1280x960.jpg 2x\" \/><\/a><\/div><\/div><div id=\"envira-gallery-item-332\" class=\"envira-gallery-item enviratope-item envira-gallery-item-10\" style=\"padding-left: 5px; padding-bottom: 10px; padding-right: 5px;\"  itemscope itemtype=\"https:\/\/schema.org\/ImageObject\"><div class=\"envira-gallery-item-inner\"><div class=\"envira-gallery-position-overlay  envira-gallery-top-left\"><\/div><div class=\"envira-gallery-position-overlay  envira-gallery-top-right\"><\/div><div class=\"envira-gallery-position-overlay  envira-gallery-bottom-left\"><\/div><div class=\"envira-gallery-position-overlay  envira-gallery-bottom-right\"><\/div><a href=\"http:\/\/vandaspengler.com\/wp-content\/uploads\/2016\/02\/intimite\u0301-19.jpg\" class=\"envira-gallery-726 envira-gallery-link\" rel=\"enviragallery726\" title=\"intimite\u0301 19\" data-envira-caption=\"intimite\u0301 19\" data-envira-retina=\"\" data-thumbnail=\"\"  itemprop=\"contentUrl\"><img decoding=\"async\" id=\"envira-gallery-image-332\" class=\"envira-gallery-image envira-gallery-image-10\" data-envira-index=\"10\" src=\"https:\/\/vandaspengler.com\/wp-content\/uploads\/2016\/02\/intimite\u0301-19-651x600-640x480.jpg\" data-envira-src=\"https:\/\/vandaspengler.com\/wp-content\/uploads\/2016\/02\/intimite\u0301-19-651x600-640x480.jpg\" data-envira-gallery-id=\"726\" data-envira-item-id=\"332\" data-envira-caption=\"intimite\u0301 19\" alt=\"\" title=\"intimite\u0301 19\"  itemprop=\"thumbnailUrl\" data-envira-srcset=\"https:\/\/vandaspengler.com\/wp-content\/uploads\/2016\/02\/intimite\u0301-19-651x600-640x480.jpg 400w,https:\/\/vandaspengler.com\/wp-content\/uploads\/2016\/02\/intimite\u0301-19-651x600-640x480.jpg 2x\" srcset=\"https:\/\/vandaspengler.com\/wp-content\/uploads\/2016\/02\/intimite\u0301-19-1280x960.jpg 2x\" \/><\/a><\/div><\/div><div id=\"envira-gallery-item-333\" class=\"envira-gallery-item enviratope-item envira-gallery-item-11\" style=\"padding-left: 5px; padding-bottom: 10px; padding-right: 5px;\"  itemscope itemtype=\"https:\/\/schema.org\/ImageObject\"><div class=\"envira-gallery-item-inner\"><div class=\"envira-gallery-position-overlay  envira-gallery-top-left\"><\/div><div class=\"envira-gallery-position-overlay  envira-gallery-top-right\"><\/div><div class=\"envira-gallery-position-overlay  envira-gallery-bottom-left\"><\/div><div class=\"envira-gallery-position-overlay  envira-gallery-bottom-right\"><\/div><a href=\"http:\/\/vandaspengler.com\/wp-content\/uploads\/2016\/02\/intimite\u0301-20.jpg\" class=\"envira-gallery-726 envira-gallery-link\" rel=\"enviragallery726\" title=\"intimite\u0301 20\" data-envira-caption=\"intimite\u0301 20\" data-envira-retina=\"\" data-thumbnail=\"\"  itemprop=\"contentUrl\"><img decoding=\"async\" id=\"envira-gallery-image-333\" class=\"envira-gallery-image envira-gallery-image-11\" data-envira-index=\"11\" src=\"https:\/\/vandaspengler.com\/wp-content\/uploads\/2016\/02\/intimite\u0301-20-622x600-640x480.jpg\" data-envira-src=\"https:\/\/vandaspengler.com\/wp-content\/uploads\/2016\/02\/intimite\u0301-20-622x600-640x480.jpg\" data-envira-gallery-id=\"726\" data-envira-item-id=\"333\" data-envira-caption=\"intimite\u0301 20\" alt=\"\" title=\"intimite\u0301 20\"  itemprop=\"thumbnailUrl\" data-envira-srcset=\"https:\/\/vandaspengler.com\/wp-content\/uploads\/2016\/02\/intimite\u0301-20-622x600-640x480.jpg 400w,https:\/\/vandaspengler.com\/wp-content\/uploads\/2016\/02\/intimite\u0301-20-622x600-640x480.jpg 2x\" srcset=\"https:\/\/vandaspengler.com\/wp-content\/uploads\/2016\/02\/intimite\u0301-20-1280x960.jpg 2x\" \/><\/a><\/div><\/div><\/div><\/div><noscript><img decoding=\"async\" src=\"https:\/\/vandaspengler.com\/wp-content\/uploads\/2016\/02\/intimite\u0301-03.jpg\" alt=\"\" \/><img decoding=\"async\" src=\"https:\/\/vandaspengler.com\/wp-content\/uploads\/2018\/05\/la-bestiole-2.jpg\" alt=\"\" \/><img decoding=\"async\" src=\"https:\/\/vandaspengler.com\/wp-content\/uploads\/2018\/05\/la-bestiole-1.jpg\" alt=\"\" \/><img decoding=\"async\" src=\"https:\/\/vandaspengler.com\/wp-content\/uploads\/2018\/05\/la-bestiole-4.jpg\" alt=\"\" \/><img decoding=\"async\" src=\"https:\/\/vandaspengler.com\/wp-content\/uploads\/2018\/05\/la-bestiole-5.jpg\" alt=\"\" \/><img decoding=\"async\" src=\"https:\/\/vandaspengler.com\/wp-content\/uploads\/2018\/05\/la-bestiole-7.jpg\" alt=\"\" \/><img decoding=\"async\" src=\"https:\/\/vandaspengler.com\/wp-content\/uploads\/2018\/05\/la-bestiole-8.jpg\" alt=\"\" \/><img decoding=\"async\" src=\"https:\/\/vandaspengler.com\/wp-content\/uploads\/2016\/02\/intimite\u0301-05.jpg\" alt=\"\" \/><img decoding=\"async\" src=\"https:\/\/vandaspengler.com\/wp-content\/uploads\/2016\/02\/intimite\u0301-18.jpg\" alt=\"\" \/><img decoding=\"async\" src=\"https:\/\/vandaspengler.com\/wp-content\/uploads\/2016\/02\/intimite\u0301-19.jpg\" alt=\"\" \/><img decoding=\"async\" src=\"https:\/\/vandaspengler.com\/wp-content\/uploads\/2016\/02\/intimite\u0301-20.jpg\" alt=\"\" \/><\/noscript>\n","protected":false},"excerpt":{"rendered":"<p>L\u2019exp\u00e9rience de la grossesse a \u00e9t\u00e9 l\u2019occasion pour Vanda Spengler d\u2019utiliser les m\u00e9tamorphoses que son corps a subies. Il en d\u00e9coule un travail d\u2019autoportrait qui s\u2019int\u00e9resse \u00e0 la mise en valeur de la d\u00e9formation du corps et \u00e0 l\u2019alt\u00e9ration de son statut. S\u2019ensuit une \u00e9tude photographique sur le long terme th\u00e9\u00e2tralisant la relation m\u00e8re-fils dans [&hellip;]<\/p>\n","protected":false},"author":1,"featured_media":0,"parent":0,"menu_order":0,"comment_status":"open","ping_status":"closed","template":"","meta":{"footnotes":""},"class_list":["post-58","page","type-page","status-publish","hentry"],"_links":{"self":[{"href":"https:\/\/vandaspengler.com\/index.php\/wp-json\/wp\/v2\/pages\/58","targetHints":{"allow":["GET"]}}],"collection":[{"href":"https:\/\/vandaspengler.com\/index.php\/wp-json\/wp\/v2\/pages"}],"about":[{"href":"https:\/\/vandaspengler.com\/index.php\/wp-json\/wp\/v2\/types\/page"}],"author":[{"embeddable":true,"href":"https:\/\/vandaspengler.com\/index.php\/wp-json\/wp\/v2\/users\/1"}],"replies":[{"embeddable":true,"href":"https:\/\/vandaspengler.com\/index.php\/wp-json\/wp\/v2\/comments?post=58"}],"version-history":[{"count":10,"href":"https:\/\/vandaspengler.com\/index.php\/wp-json\/wp\/v2\/pages\/58\/revisions"}],"predecessor-version":[{"id":966,"href":"https:\/\/vandaspengler.com\/index.php\/wp-json\/wp\/v2\/pages\/58\/revisions\/966"}],"wp:attachment":[{"href":"https:\/\/vandaspengler.com\/index.php\/wp-json\/wp\/v2\/media?parent=58"}],"curies":[{"name":"wp","href":"https:\/\/api.w.org\/{rel}","templated":true}]}}