{"id":560,"date":"2018-04-16T10:17:49","date_gmt":"2018-04-16T10:17:49","guid":{"rendered":"http:\/\/vandaspengler.com\/?page_id=560"},"modified":"2021-08-22T13:48:19","modified_gmt":"2021-08-22T13:48:19","slug":"presse","status":"publish","type":"page","link":"https:\/\/vandaspengler.com\/index.php\/presse\/","title":{"rendered":"Presse\/ Entretiens"},"content":{"rendered":"<p><strong>PRESSE<\/strong><\/p>\n<ul>\n<li><a href=\"https:\/\/www.supportyourgirlgang.com\/search\/spengler\">Interview pour l&rsquo;exposition solo \u00ab\u00a0Origines\u00a0\u00bb par Support Your local Girl gang<\/a><\/li>\n<\/ul>\n<p><em><strong>Peux-tu nous raconter ton parcours et tes activit\u00e9s artistiques ?<\/strong><\/em><\/p>\n<p>Je suis n\u00e9e au sein d\u2019une famille fantasque et amoureuse des mots, tr\u00e8s \u00e0 l&rsquo;aise avec le corps et avide de transgression, de libert\u00e9. &nbsp;Apr\u00e8s une scolarit\u00e9 assez m\u00e9diocre , un bac d\u00e9croch\u00e9 par hasard, j&rsquo;ai travaill\u00e9 dans des th\u00e9\u00e2tres pour \u00eatre ind\u00e9pendante. J\u2019ai su tr\u00e8s t\u00f4t que l\u2019image serait mon m\u00e9dium de pr\u00e9dilection. &nbsp;Passionn\u00e9e de cin\u00e9ma, c\u2019est \u00e0 travers ce prisme que j&rsquo;ai d\u00e9couvert la photographie. J&rsquo;ai r\u00e9alis\u00e9 beaucoup d&rsquo;autoportraits, par facilit\u00e9. Puis le besoin de capter les autres corps dans ce qu\u2019ils ont de plus brut et d\u00e9s\u00e9quilibr\u00e9 s\u2019est impos\u00e9 \u00e0 moi. J&rsquo;aime mettre en lumi\u00e8re la diversit\u00e9 des corps , leurs failles, ceux qu&rsquo;on appelle les \u201ccorps invisibles\u201d : personnes \u00e2g\u00e9es, racis\u00e9es, transgenre, loin des normes impos\u00e9es\u2026<\/p>\n<p><em><strong>Quand es-tu \u201ctomb\u00e9e\u201d dans la photographie ? Tu te souviens de tes premiers clich\u00e9s ?<\/strong><\/em><\/p>\n<p>Un peu par hasard. Je voulais \u00eatre r\u00e9alisatrice mais j&rsquo;\u00e9tais (je suis ) trop paresseuse. &nbsp;La photo m&rsquo;a sembl\u00e9 plus facile d&rsquo;acc\u00e8s, je pouvais \u00eatre autonome et inventer mes histoires sans toute une \u00e9quipe. Mes premi\u00e8res images \u00e9taient assez esth\u00e9tisantes, je cherchais \u00e0 faire du joli, \u00e0 plaire. J ai mis du temps \u00e0 \u00eatre r\u00e9ellement honn\u00eate &nbsp;dans mes photos.<\/p>\n<p><em><strong>Y a-t-il des artistes qui ont compt\u00e9.e.s dans ta carri\u00e8re ?<\/strong><\/em><\/p>\n<p>Surtout des cin\u00e9astes et des acteurs.actrices.<\/p>\n<p><em><strong>On parle souvent de la misogynie dans le milieu artistique . Te sens tu investie d\u2019un r\u00f4le par rapport \u00e0 \u00e7a ?<\/strong><\/em><\/p>\n<p>Oui et non. Je ne me suis jamais consid\u00e9r\u00e9e comme une \u201cfemme-femme\u201d . J&rsquo;ai la chance de n&rsquo;avoir jamais subie de harc\u00e8lements ou agressions sexistes. J&rsquo;\u00e9coutais mes amies vivre des exp\u00e9riences douloureuses, oppressives et je ne me sentais pas concern\u00e9e. Puis est venu Me too. Et mon rapport au f\u00e9minisme a \u00e9volu\u00e9. Je suis plus consciente des dominations syst\u00e9miques, des violences int\u00e9rioris\u00e9es, int\u00e9gr\u00e9es, notamment avec mes amoureux. Je me sens bien plus concern\u00e9e et solidaire. Ce n&rsquo;est pas mon combat premier mais il fait parti de ma r\u00e9alit\u00e9, il est essentiel.<\/p>\n<p>En quoi est-il important pour toi, \u00e0 travers notamment le choix de tes sujets, d&rsquo;ajouter une visibilit\u00e9 queer \u00e0 tes travaux ?<b><br><\/b><\/p>\n<p>Je ne me sens pas appartenir au milieu Queer, j&rsquo;ai rat\u00e9 le coche je crois, pas ma g\u00e9n\u00e9ration ou pas mon univers. Je fr\u00e9quente beaucoup de personnes (photographes, mod\u00e8les, militants.tes..) pour qui cette visibilit\u00e9 est primordiale, je les soutiens \u00e0 fond, mais encore une fois, je ne pense pas qu&rsquo;on puisse \u00eatre de tous les combats. Le mien est de montrer TOUS les corps dans leurs alt\u00e9rit\u00e9s, toutes g\u00e9n\u00e9rations confondus. Mon fils de 8 ans pose pour moi depuis toujours, ma m\u00e8re aussi. Et j&rsquo;aime ces ponts entre les \u00e2ges et les corps.<\/p>\n<ul>\n<li><a href=\"http:\/\/grain-dpixel.fr\/info\/interview-de-vanda-spengler\/\">Interview pour le festival Gran d&rsquo;Pixel \u00e0 Besan\u00e7on<\/a><\/li>\n<\/ul>\n<p><\/p>\n<ul>\n<li><a href=\"http:\/\/delarthelvetiquecontemporain.blog.24heures.ch\/archive\/2021\/02\/09\/vanda-spengler-siderations-870535.html\">De l&rsquo;art Helv\u00e9tique contemporain<\/a><\/li>\n<\/ul>\n<h3 id=\"p1\">Vanda Spengler : sid\u00e9rations<\/h3>\n<div class=\"posttext\">\n<div class=\"posttext-decorator1\">\n<div class=\"posttext-decorator2\">\n<div>N\u00e9e en Suisse, Vanda Spengler a eu comme grand-m\u00e8re l&rsquo;\u00e9ditrice et romanci\u00e8re R\u00e9gine Deforges. Si bien que tr\u00e8s t\u00f4t elle a acquis le go\u00fbt de la transgression et de la libert\u00e9. Ignorant les tabous, elle a choisi &#8211; \u00e0 l&rsquo;inverse de son p\u00e8re sulfureux \u00e9diteur &#8211; l&rsquo;image et son soufre comme expression. Elle capte les corps et sa \u00ab\u00a0viande\u00a0\u00bb (Artaud)&nbsp; dans ce qu\u2019ils ont de plus brut, primitif et d\u00e9s\u00e9quilibr\u00e9.<\/div>\n<div>&nbsp;<\/div>\n<div>Elle joue dans des s\u00e9ries comme \u00ab\u00a0Carcasse\u00a0\u00bb ou \u00ab\u00a0Mater Dolorosa\u00a0\u00bb avec la nudit\u00e9 mais sans jamais s\u2019en moquer, bien au contraire. Elle \u00ab l\u2019utilise \u00bb sans le r\u00e9duire \u00e0 un objet de fantasmes.&nbsp;Vanda Spengler cr\u00e9e divers c\u00e9r\u00e9moniaux (par fois inqui\u00e9tants) en instruisant des liens entre l\u2019imaginaire et le r\u00e9el de mani\u00e8re sid\u00e9rante. Entre gr\u00e2ce et violence elle monte la sc\u00e9narisation d\u2019une singularit\u00e9 qui mixte l\u2019\u00e9pouvantable et la dr\u00f4lerie.<\/div>\n<div>&nbsp;<\/div>\n<div>Celle qui v\u00e9n\u00e8re son lit, d\u00e9teste le matin (\u00ab\u00a0ce qui est bien dommage vu la qualit\u00e9 de la lumi\u00e8re matinale\u00a0\u00bb ajoute-t-elle) et voulait devenir r\u00e9alisatrice de films et faire rire les gens explore bien des champs des possibles. Proche des univers de Lars Von Trier et de ses premiers amours &#8211; Emil Cioran et Charles Bukowski, elle fait preuve d&rsquo;un certain courage qui peut se cacher sous le kitsch et le ludique. Dans sa derni\u00e8re exposition, le corps &#8211; impasse du tout &#8211; se d\u00e9place sous sa vo\u00fbte, \u00e0 la crois\u00e9e des ogives. C&rsquo;est lui que les p\u00e9nitents enferment et cachent en sacrifiant \u00e0 l&rsquo;inconscient ce qu&rsquo;il entend afin d&rsquo;\u00e9viter de le soumettre \u00e0 la tentation du plaisir sauf bien s\u00fbr celui de la souffrance. Mais Vanda Spengler l&rsquo;artiste illustre au plus haut point ce que cela cache.<\/div>\n<div>&nbsp;<\/div>\n<div>Jean-Paul Gavard-Perret<\/div>\n<div>&nbsp;<\/div>\n<\/div>\n<\/div>\n<\/div>\n<ul>\n<li><a href=\"http:\/\/vandaspengler.com\/presse-cassandre-hors-champ\">Revue Cassandre<\/a><\/li>\n<\/ul>\n<blockquote>\n<p>\u00ab\u00a0Pour parler du travail photographique de Vanda Spengler, le mieux est de se passer d&rsquo;introduction et de plonger directement au coeur des flammes.\u00a0\u00bb<\/p>\n<\/blockquote>\n<hr>\n<p><\/p>\n<p><strong>RADIO<\/strong><\/p>\n<ul>\n<li><a href=\"http:\/\/vandaspengler.com\/radio\">France culture<\/a><\/li>\n<\/ul>\n<blockquote>\n<p>\u00ab\u00a0Dans ses photos, tous les corps sont nus, amass\u00e9s ou \u00e0 deux, dans la nature ou en int\u00e9rieur, corps de tous les \u00e2ges, qui semblent en chemin, comme des mutants.\u00a0\u00bb<\/p>\n<\/blockquote>\n<hr>\n<p><\/p>\n<p><strong>WEB<\/strong><\/p>\n<ul>\n<li><a href=\"https:\/\/www.the-one-museum.com\/copy-of-vanda-spengler-france-switze\">Exposition virtuelle \u00ab\u00a0The one Museum Exhibition\u00a0\u00bb<\/a><\/li>\n<li>&nbsp;<\/li>\n<li><a href=\"http:\/\/vandaspengler.com\/web-liberation\">Lib\u00e9ration<\/a><\/li>\n<\/ul>\n<blockquote>\n<p>\u00ab\u00a0Vanda Spengler photographie des corps nus depuis environ douze ans, mais son travail n\u2019a rien d\u2019\u00e9rotique, dit-elle. Elle affiche ses photos dans des lieux publics, lors d\u2019expositions pirates, pour confronter les gens \u00e0 cette question : que d\u00e9voile REELLEMENT la nudit\u00e9 ?\u00a0\u00bb<\/p>\n<\/blockquote>\n<ul>\n<li><a href=\"http:\/\/sexes.blogs.liberation.fr\/2018\/09\/19\/vous-ne-connaissez-pas-gilles\/\">Lib\u00e9ration<\/a><\/li>\n<\/ul>\n<blockquote>\n<p>\u00ab\u00a0Non ? Normal. Personne ne sait. Gilles est un \u00abmanteau de peau\u00bb. Cet inconnu pose nu. La photographe Vanda Spengler l&rsquo;a adopt\u00e9 comme muse. Avec une dizaine d\u2019artistes, elle fait de Gilles le fil rouge d\u2019une exposition intrigante intitul\u00e9e \u00abg\\\u2019il.les\\\u00bb.\u00a0\u00bb<\/p>\n<\/blockquote>\n<ul>\n<li><a href=\"https:\/\/www.59rivoli.org\/2018\/09\/18\/gil-les\/\">59 Rivoli<\/a><\/li>\n<\/ul>\n<blockquote>\n<p>\u00ab\u00a0Il est vous, il est nous, Il est tous et pourtant Il est singulier. \u00catre fragile \u00e0 la d\u00e9marche h\u00e9sitante Il sera notre fil rouge, notre inspiration. Entre introspection et don total de lui-m\u00eame Il se cherche et nous cherchons avec lui les r\u00e9ponses aux questions humaines. Tant\u00f4t candide tant\u00f4t memento mori, Il incarne par sa pr\u00e9sence et dans sa chair \u00e0 la fois l\u2019intemporalit\u00e9 et l\u2019emprise du temps, la vie et la mort.<br>Cette exposition collective met en lumi\u00e8re un astre atypique \u00e0 travers des collaborations vari\u00e9es, nous faisant entrevoir ses multiples facettes \u00e9nigmatiques.\u00a0\u00bb<\/p>\n<\/blockquote>\n<ul>\n<li><a href=\"https:\/\/www.terrafemina.com\/article\/-des-sexes-et-des-femmes-l-exposition-parisienne-qui-explore-le-genre_a345464\/1\">Terra Femina<\/a><\/li>\n<\/ul>\n<blockquote>\n<p>\u00ab\u00a0Une expostion qui d\u00e9butera le 2 octobre \u00e0 Paris explore le sexe f\u00e9minin sous toutes ses coutures. Autour d&rsquo;ateliers et de table-rondes, l&rsquo;organisatrice Juliette Drouar veut d\u00e9finir ce qu&rsquo;est \u00ab\u00a0\u00eatre une femme\u00a0\u00bb et le genre.\u00a0\u00bb<\/p>\n<\/blockquote>\n<ul>\n<li><a href=\"https:\/\/blog.abricot.co\/sexes-femmes-exposition-rivoli\/\">Abricot<\/a><\/li>\n<\/ul>\n<blockquote>\n<p>\u00ab\u00a0Une exposition d\u2019oeuvres qui parlent de sexe et de femmes, de fa\u00e7on bienveillante et en remettant en question les normes et la pression subie par les femmes jusque dans leur intimit\u00e9 ? C\u2019\u00e9tait du 1er au 15 octobre, au 59 rue Rivoli<em>.\u00a0\u00bb<\/em><\/p>\n<\/blockquote>\n<ul>\n<li><a href=\"https:\/\/www.grizette.com\/agenda\/expo-vanda-spengler-galerie-laberrante\/\">Grizette magazine<\/a><\/li>\n<\/ul>\n<blockquote>\n<p>\u00ab\u00a0Pour sa premi\u00e8re exposition, la nouvelle Galerie L\u2019Aberrante d\u00e9di\u00e9e aux femmes photographes accueille la s\u00e9rie \u00ab&nbsp;Blocs de chair&nbsp;\u00bb de Vanda Spengler. Une expo qui donne le ton de cette galerie singuli\u00e8re. Sous le regard atypique de l\u2019artiste et son univers fantasm\u00e9 souvent inqui\u00e9tant, les corps s\u2019affichent, enchev\u00eatr\u00e9s, entass\u00e9s, autant de formes d\u00e9sarticul\u00e9es\u2026 mais percutantes.\u00a0\u00bb<\/p>\n<\/blockquote>\n<ul>\n<li><a href=\"https:\/\/www.lebonbon.fr\/paris\/expo\/des-sexes-et-des-femmes-l-expo-collective-qui-rapproche-les-genres\/\">Le Bonbon<\/a><\/li>\n<\/ul>\n<blockquote>\n<p>\u00ab\u00a0Ce 2 octobre et pour quinze jours, l\u2019expo \u00ab\u00a0Des sexes et des femmes\u00a0\u00bb investit l\u2019espace d\u2019expo du 59 Rivoli. Il s&rsquo;agit du laboratoire de la cr\u00e9ation situ\u00e9 dans la rue du m\u00eame nom. \u00c0 travers des \u0153uvres repr\u00e9sentant le sexe f\u00e9minin sous toutes ses formes, loin des normes habituelles, ce festival initi\u00e9 par Juliette Drouar, m\u00eale expos\/colloques\/ateliers et vient questionner la notion de genre.\u00a0\u00bb<\/p>\n<\/blockquote>\n<ul>\n<li>&nbsp;<a href=\"https:\/\/www.parisderriere.fr\/evenement\/des-sexes-et-des-femmes\/\">Paris Derri\u00e8re<\/a><\/li>\n<\/ul>\n<blockquote>\n<p>\u00ab\u00a0Visibiliser l\u2019indicible, remuer les trous noirs de<br>nos consciences, exciser la g\u00eane, rapprocher les genres, exterminer les limites.\u00a0\u00bb<\/p>\n<\/blockquote>\n<ul>\n<li><a href=\"https:\/\/www.parisderriere.fr\/2018\/09\/nu-masculin-quand-les-femmes-semparent-de-lobjectif\/\">Paris Derri\u00e8re<\/a><\/li>\n<\/ul>\n<blockquote>\n<p>\u00ab\u00a0En mati\u00e8re de photos \u00e9rotiques, les femmes sont plus souvent devant que derri\u00e8re l\u2019objectif r\u00e9serv\u00e9 aux hommes. Le contraire est rarissime. En cette rentr\u00e9e, on change les habitudes. J\u2019ai interview\u00e9 cinq jeunes femmes \u00e0 l\u2019avant-garde, presque toutes parisiennes, qui photographient les gar\u00e7ons nus. Elles m\u2019ont racont\u00e9 comment elles abordaient le corps masculin, loin des clich\u00e9s et des diktats de la virilit\u00e9. Et \u00e7a fait du bien de se rincer l\u2019oeil \u00e0 grande eau !\u00a0\u00bb<\/p>\n<\/blockquote>\n<ul>\n<li><a href=\"http:\/\/vandaspengler.com\/web-lexpress\">L&rsquo;Express<\/a><\/li>\n<\/ul>\n<blockquote>\n<p><\/p>\n<p class=\"p4\"><span class=\"s1\">\u00ab\u00a0Ce truc qu\u2019on est des milliards \u00e0 partager sur terre, l\u2019enveloppe qu\u2019on habite, pourquoi doit-elle \u00eatre choquante ? Pourquoi la cacher ? Peut-on regarder les corps comme des objets, faisant partie d\u2019un paysage ? Pourquoi les seuls corps qu\u2019on a le droit d\u2019afficher dans l\u2019espace public sont les images \u00e9rotis\u00e9es des pubs et des magazines ?&nbsp;<\/span><span class=\"s1\">A son corps d\u00e9fendant, ce sont toutes ces questions que pose la photographe Vanda Spengler avec son travail.<\/span><\/p>\n<\/blockquote>\n<ul>\n<li class=\"p4\"><a href=\"http:\/\/vandaspengler.com\/le-litteraire-larticle\">Le Litt\u00e9raire<\/a>&nbsp;(l&rsquo;article)<\/li>\n<\/ul>\n<blockquote>\n<p>\u00ab\u00a0(&#8230;) Vanda Spen\u00adgler trans\u00adforme le r\u00e9el par la pr\u00e9\u00adsence de la nudit\u00e9.. Sur\u00adgit un jeu entre le r\u00e9el et l\u2019artifice, entre l\u2019imaginaire et ce qu\u2019il fait sourdre des appa\u00adrences.\u00a0\u00bb<\/p>\n<\/blockquote>\n<ul>\n<li><a href=\"http:\/\/vandaspengler.com\/le-litteraire-lentretien\">Le Litt\u00e9raire<\/a> (l&rsquo;entretien)<\/li>\n<\/ul>\n<blockquote>\n<p>\u00ab\u00a0L\u2019artiste cr\u00e9e divers c\u00e9r\u00e9\u00admo\u00adniaux (par\u00adfois inqui\u00e9\u00adtants) en ins\u00adtrui\u00adsant des liens entre l\u2019imaginaire et le r\u00e9el. Ses&nbsp;pho\u00adto\u00adgra\u00adphies&nbsp;ram\u00e8nent tou\u00adjours \u00e0&nbsp;la sid\u00e9\u00adra\u00adtion.\u00a0\u00bb<\/p>\n<\/blockquote>\n<ul>\n<li><a href=\"http:\/\/vandaspengler.com\/web-maman-travaille\">Blog \u00ab\u00a0Maman travaille\u00a0\u00bb<\/a><\/li>\n<\/ul>\n<blockquote>\n<p>\u00ab\u00a0Vanda Spengler, elle, ne se contente pas de photographier des b\u00e9b\u00e9s. Elle photographie des sentiments, des sensations autour de la maternit\u00e9, de la relation au b\u00e9b\u00e9. Et m\u00eame pour moi qui ai choisi l\u2019\u00e9criture comme moyen d\u2019expression, ses photos \u00e0 elle sont bien plus fortes que n\u2019importe quel mot.\u00a0\u00bb<\/p>\n<\/blockquote>\n<ul>\n<li><a href=\"http:\/\/vandaspengler.com\/543-2\">Blog de Katia Lanero Zamora<\/a><\/li>\n<\/ul>\n<blockquote>\n<p>\u00ab\u00a0Le point essentiel, c\u2019est que j\u2019ai tent\u00e9 de red\u00e9finir ma conception de la beaut\u00e9. Je voulais m\u2019\u00e9loigner de l\u2019esth\u00e9tisation pour m\u2019approcher de la beaut\u00e9-force, authentique. Mes mod\u00e8les ont des physiques hors-norme qu\u2019il me suffit de suivre.\u00a0\u00bb<\/p>\n<\/blockquote>\n\n\n<p><\/p>\n","protected":false},"excerpt":{"rendered":"<p>PRESSE Interview pour l&rsquo;exposition solo \u00ab\u00a0Origines\u00a0\u00bb par Support Your local Girl gang Peux-tu nous raconter ton parcours et tes activit\u00e9s artistiques ? Je suis n\u00e9e au sein d\u2019une famille fantasque et amoureuse des mots, tr\u00e8s \u00e0 l&rsquo;aise avec le corps et avide de transgression, de libert\u00e9. &nbsp;Apr\u00e8s une scolarit\u00e9 assez m\u00e9diocre , un bac d\u00e9croch\u00e9 [&hellip;]<\/p>\n","protected":false},"author":2,"featured_media":0,"parent":0,"menu_order":0,"comment_status":"closed","ping_status":"closed","template":"","meta":{"footnotes":""},"class_list":["post-560","page","type-page","status-publish","hentry"],"_links":{"self":[{"href":"https:\/\/vandaspengler.com\/index.php\/wp-json\/wp\/v2\/pages\/560","targetHints":{"allow":["GET"]}}],"collection":[{"href":"https:\/\/vandaspengler.com\/index.php\/wp-json\/wp\/v2\/pages"}],"about":[{"href":"https:\/\/vandaspengler.com\/index.php\/wp-json\/wp\/v2\/types\/page"}],"author":[{"embeddable":true,"href":"https:\/\/vandaspengler.com\/index.php\/wp-json\/wp\/v2\/users\/2"}],"replies":[{"embeddable":true,"href":"https:\/\/vandaspengler.com\/index.php\/wp-json\/wp\/v2\/comments?post=560"}],"version-history":[{"count":27,"href":"https:\/\/vandaspengler.com\/index.php\/wp-json\/wp\/v2\/pages\/560\/revisions"}],"predecessor-version":[{"id":1230,"href":"https:\/\/vandaspengler.com\/index.php\/wp-json\/wp\/v2\/pages\/560\/revisions\/1230"}],"wp:attachment":[{"href":"https:\/\/vandaspengler.com\/index.php\/wp-json\/wp\/v2\/media?parent=560"}],"curies":[{"name":"wp","href":"https:\/\/api.w.org\/{rel}","templated":true}]}}