{"id":175,"date":"2016-02-21T13:10:32","date_gmt":"2016-02-21T13:10:32","guid":{"rendered":"http:\/\/vandaspengler.com\/?page_id=175"},"modified":"2021-08-22T17:37:22","modified_gmt":"2021-08-22T17:37:22","slug":"liens","status":"publish","type":"page","link":"https:\/\/vandaspengler.com\/index.php\/liens\/","title":{"rendered":"Action Hybride, collectif"},"content":{"rendered":"<h2><a href=\"https:\/\/actionhybride.org\/\">Action Hybride<\/a><\/h2>\n<p>J&rsquo;appartiens au collectif Action Hybride depuis 2018.<\/p>\n<p><em>Action Hybride<\/em> est un collectif d\u2019artistes internationaux, initi\u00e9 par Francesca Sand en janvier 2018.<br \/>\nSes membres actifs sont :\u00a0 Maria Clark, Loredana Denicola, Louise Dumont, Francesca Sand, Vanda Spengler,\u00a0 Elisabette Zelaya, Louise A. Depaume, Fanny Gosse et Axelle Remeaud.<\/p>\n<p>L\u2019association organise des expositions, des rencontres, des r\u00e9flexions, des workshops, autour des th\u00e9matiques du corps et de la condition humaine. Son orientation est d\u00e9finie par un MANIFESTO <em>Le Corps social et politique<\/em>.<br \/>\nLors de ses \u00e9v\u00e9nements, le collectif accueille des artistes et des personnes invit\u00e9es.<\/p>\n<p><strong>Action hybride \u00e9dite un fanzine depuis avril 2019. Textes, photos, dessins et autres images y sont regroup\u00e9s, en lien avec la th\u00e9matique du corps et de la condition humaine: la vuln\u00e9rabilit\u00e9, les st\u00e9r\u00e9otypes, l\u2019identit\u00e9, la transformation, la nudit\u00e9, la peau, les flux, l\u2019intime, le social sont autant de th\u00e8mes \u00e9voqu\u00e9s. Un recueil riche, avec des univers vari\u00e9s et puissants. Chacune des artistes du collectif reste libre de ses propositions autour d\u2019un sujet d\u00e9fini en commun. Chaque num\u00e9ro d\u2019Hapax est ensuite pris en charge par l\u2019une d\u2019entre nous pour sa conception.<br \/>\nLe premier num\u00e9ro \u00ab\u00a0Fragile\u00a0\u00bb, en couleur, a \u00e9t\u00e9 imprim\u00e9 en 100 exemplaires.<br \/>\nLe second num\u00e9ro \u00ab\u00a0M\u00e9tamorphoses\u00a0\u00bb, volontairement orient\u00e9 vers des photocopieuses en noir et blanc, a \u00e9t\u00e9 mont\u00e9 \u00e0 la main dans un esprit DIY. Nous en avons tir\u00e9 20 exemplaires.<br \/>\nNous venons de terminer le #3 \u00ab\u00a0Intra-Muros\u00a0\u00bb. Il offre la particularit\u00e9 d\u2019une lecture \u00e0 double sens. Il est principalement en couleur avec quelques images en noir et blanc.\u00a0<\/strong><\/p>\n<p>Vous pouvez vous les procurer via notre site:\u00a0<a href=\"https:\/\/actionhybride.wordpress.com\/?fbclid=IwAR3d1DDeZAIK-7OvadXPga8liv2hxYMRbnWtmvE-4-GelriDVmo3c1YhyAg\">Collectif Action Hybride<\/a><\/p>\n<div class=\"wp-block-columns\">\n<div class=\"wp-block-column\">\n<div class=\"wp-block-image is-style-default\">\n<figure class=\"alignleft size-large is-resized\"><a href=\"https:\/\/actionhybride.org\/2021\/02\/15\/lancement-du-crowdfunding-hapax-3\/\"><img loading=\"lazy\" decoding=\"async\" class=\"wp-image-1624\" src=\"https:\/\/actionhybride.files.wordpress.com\/2021\/02\/90790cc89598de05ec2f5f230a4a5a92.png?w=388\" sizes=\"auto, (max-width: 271px) 100vw, 271px\" srcset=\"https:\/\/actionhybride.files.wordpress.com\/2021\/02\/90790cc89598de05ec2f5f230a4a5a92.png?w=271 271w, https:\/\/actionhybride.files.wordpress.com\/2021\/02\/90790cc89598de05ec2f5f230a4a5a92.png?w=105 105w, https:\/\/actionhybride.files.wordpress.com\/2021\/02\/90790cc89598de05ec2f5f230a4a5a92.png?w=211 211w\" alt=\"\" width=\"271\" height=\"384\" data-attachment-id=\"1624\" data-permalink=\"https:\/\/actionhybride.org\/90790cc89598de05ec2f5f230a4a5a92\/\" data-orig-file=\"https:\/\/actionhybride.files.wordpress.com\/2021\/02\/90790cc89598de05ec2f5f230a4a5a92.png\" data-orig-size=\"388,552\" data-comments-opened=\"0\" data-image-meta=\"{&quot;aperture&quot;:&quot;0&quot;,&quot;credit&quot;:&quot;&quot;,&quot;camera&quot;:&quot;&quot;,&quot;caption&quot;:&quot;&quot;,&quot;created_timestamp&quot;:&quot;0&quot;,&quot;copyright&quot;:&quot;&quot;,&quot;focal_length&quot;:&quot;0&quot;,&quot;iso&quot;:&quot;0&quot;,&quot;shutter_speed&quot;:&quot;0&quot;,&quot;title&quot;:&quot;&quot;,&quot;orientation&quot;:&quot;0&quot;}\" data-image-title=\"90790cc89598de05ec2f5f230a4a5a92\" data-image-description=\"\" data-image-caption=\"\" data-medium-file=\"https:\/\/actionhybride.files.wordpress.com\/2021\/02\/90790cc89598de05ec2f5f230a4a5a92.png?w=211\" data-large-file=\"https:\/\/actionhybride.files.wordpress.com\/2021\/02\/90790cc89598de05ec2f5f230a4a5a92.png?w=388\" \/><\/a><\/figure>\n<\/div>\n<\/div>\n<\/div>\n<figure class=\"wp-block-image size-large is-resized\"><a href=\"https:\/\/actionhybride.org\/2020\/10\/23\/hapax-2-metamorphoses\/\"><img loading=\"lazy\" decoding=\"async\" class=\"wp-image-1552\" src=\"https:\/\/actionhybride.files.wordpress.com\/2020\/10\/hapax2couv-1.jpg?w=710\" sizes=\"auto, (max-width: 270px) 100vw, 270px\" srcset=\"https:\/\/actionhybride.files.wordpress.com\/2020\/10\/hapax2couv-1.jpg?w=270 270w, https:\/\/actionhybride.files.wordpress.com\/2020\/10\/hapax2couv-1.jpg?w=540 540w, https:\/\/actionhybride.files.wordpress.com\/2020\/10\/hapax2couv-1.jpg?w=104 104w, https:\/\/actionhybride.files.wordpress.com\/2020\/10\/hapax2couv-1.jpg?w=208 208w\" alt=\"\" width=\"270\" height=\"389\" data-attachment-id=\"1552\" data-permalink=\"https:\/\/actionhybride.org\/2020\/10\/23\/hapax-2-metamorphoses\/hapaxmontage\/\" data-orig-file=\"https:\/\/actionhybride.files.wordpress.com\/2020\/10\/hapax2couv-1.jpg\" data-orig-size=\"1720,2480\" data-comments-opened=\"0\" data-image-meta=\"{&quot;aperture&quot;:&quot;0&quot;,&quot;credit&quot;:&quot;ACTIONHYBRIDE&quot;,&quot;camera&quot;:&quot;&quot;,&quot;caption&quot;:&quot;&quot;,&quot;created_timestamp&quot;:&quot;0&quot;,&quot;copyright&quot;:&quot;&quot;,&quot;focal_length&quot;:&quot;0&quot;,&quot;iso&quot;:&quot;0&quot;,&quot;shutter_speed&quot;:&quot;0&quot;,&quot;title&quot;:&quot;HAPAXMONTAGE&quot;,&quot;orientation&quot;:&quot;1&quot;}\" data-image-title=\"HAPAXMONTAGE\" data-image-description=\"\" data-image-caption=\"\" data-medium-file=\"https:\/\/actionhybride.files.wordpress.com\/2020\/10\/hapax2couv-1.jpg?w=208\" data-large-file=\"https:\/\/actionhybride.files.wordpress.com\/2020\/10\/hapax2couv-1.jpg?w=710\" \/><\/a><\/figure>\n<div class=\"wp-block-image\">\n<figure class=\"alignleft size-large is-resized\"><a href=\"https:\/\/actionhybride.org\/2019\/04\/06\/sortie-du-fanzine-hapax1-fragile\/\"><img loading=\"lazy\" decoding=\"async\" class=\"wp-image-168\" src=\"https:\/\/actionhybride.files.wordpress.com\/2019\/04\/ahhapaxn1fragile-1-e1555085010890.jpg?w=722\" alt=\"\" width=\"276\" height=\"398\" data-attachment-id=\"168\" data-permalink=\"https:\/\/actionhybride.org\/ahhapaxn1fragile-1\/\" data-orig-file=\"https:\/\/actionhybride.files.wordpress.com\/2019\/04\/ahhapaxn1fragile-1-e1555085010890.jpg\" data-orig-size=\"1749,2480\" data-comments-opened=\"1\" data-image-meta=\"{&quot;aperture&quot;:&quot;0&quot;,&quot;credit&quot;:&quot;&quot;,&quot;camera&quot;:&quot;&quot;,&quot;caption&quot;:&quot;&quot;,&quot;created_timestamp&quot;:&quot;0&quot;,&quot;copyright&quot;:&quot;&quot;,&quot;focal_length&quot;:&quot;0&quot;,&quot;iso&quot;:&quot;0&quot;,&quot;shutter_speed&quot;:&quot;0&quot;,&quot;title&quot;:&quot;&quot;,&quot;orientation&quot;:&quot;0&quot;}\" data-image-title=\"AHhapaxN1FRAGILE-1\" data-image-description=\"\" data-image-caption=\"\" data-medium-file=\"https:\/\/actionhybride.files.wordpress.com\/2019\/04\/ahhapaxn1fragile-1-e1555085010890.jpg?w=212\" data-large-file=\"https:\/\/actionhybride.files.wordpress.com\/2019\/04\/ahhapaxn1fragile-1-e1555085010890.jpg?w=722\" \/><\/a><\/figure>\n<\/div>\n<div id=\"jp-post-flair\" class=\"sharedaddy sd-like-enabled sd-sharing-enabled\">\n<div class=\"sharedaddy sd-sharing-enabled\"><\/div>\n<\/div>\n<p><strong>Pour me contacter: vanda.spengler@gmail.com<\/strong><\/p>\n<p><a href=\"https:\/\/www.facebook.com\/groups\/41665807513\/?fref=ts\">Facebook<\/a><\/p>\n<hr \/>\n<p><a href=\"https:\/\/actionhybride.wordpress.com\/?fbclid=IwAR3d1DDeZAIK-7OvadXPga8liv2hxYMRbnWtmvE-4-GelriDVmo3c1YhyAg\">Collectif Action Hybride<\/a><\/p>\n","protected":false},"excerpt":{"rendered":"<p>Action Hybride J&rsquo;appartiens au collectif Action Hybride depuis 2018. Action Hybride est un collectif d\u2019artistes internationaux, initi\u00e9 par Francesca Sand en janvier 2018. Ses membres actifs sont :\u00a0 Maria Clark, Loredana Denicola, Louise Dumont, Francesca Sand, Vanda Spengler,\u00a0 Elisabette Zelaya, Louise A. Depaume, Fanny Gosse et Axelle Remeaud. L\u2019association organise des expositions, des rencontres, des [&hellip;]<\/p>\n","protected":false},"author":1,"featured_media":0,"parent":0,"menu_order":0,"comment_status":"closed","ping_status":"closed","template":"","meta":{"footnotes":""},"class_list":["post-175","page","type-page","status-publish","hentry"],"_links":{"self":[{"href":"https:\/\/vandaspengler.com\/index.php\/wp-json\/wp\/v2\/pages\/175","targetHints":{"allow":["GET"]}}],"collection":[{"href":"https:\/\/vandaspengler.com\/index.php\/wp-json\/wp\/v2\/pages"}],"about":[{"href":"https:\/\/vandaspengler.com\/index.php\/wp-json\/wp\/v2\/types\/page"}],"author":[{"embeddable":true,"href":"https:\/\/vandaspengler.com\/index.php\/wp-json\/wp\/v2\/users\/1"}],"replies":[{"embeddable":true,"href":"https:\/\/vandaspengler.com\/index.php\/wp-json\/wp\/v2\/comments?post=175"}],"version-history":[{"count":15,"href":"https:\/\/vandaspengler.com\/index.php\/wp-json\/wp\/v2\/pages\/175\/revisions"}],"predecessor-version":[{"id":1239,"href":"https:\/\/vandaspengler.com\/index.php\/wp-json\/wp\/v2\/pages\/175\/revisions\/1239"}],"wp:attachment":[{"href":"https:\/\/vandaspengler.com\/index.php\/wp-json\/wp\/v2\/media?parent=175"}],"curies":[{"name":"wp","href":"https:\/\/api.w.org\/{rel}","templated":true}]}}