{"id":501,"date":"2017-08-09T22:09:03","date_gmt":"2017-08-09T22:09:03","guid":{"rendered":"http:\/\/vandaspengler.com\/?page_id=501"},"modified":"2022-06-29T21:45:57","modified_gmt":"2022-06-29T20:45:57","slug":"pietas-profanes","status":"publish","type":"page","link":"http:\/\/vandaspengler.com\/index.php\/pietas-profanes\/","title":{"rendered":"Piet\u00e0s Profanes"},"content":{"rendered":"<h2>Piet\u00e0s Profanes<\/h2>\n<div id=\"envira-gallery-wrap-715\" class=\"envira-gallery-wrap envira-gallery-theme-base envira-lightbox-theme-base\" itemscope itemtype=\"https:\/\/schema.org\/ImageGallery\"><div data-row-height=\"\" data-gallery-theme=\"\" id=\"envira-gallery-715\" class=\"envira-gallery-public  envira-gallery-2-columns envira-clear enviratope envira-gallery-css-animations\" data-envira-columns=\"2\"><div id=\"envira-gallery-item-505\" class=\"envira-gallery-item enviratope-item envira-gallery-item-1\" style=\"padding-left: 5px; padding-bottom: 10px; padding-right: 5px;\"  itemscope itemtype=\"https:\/\/schema.org\/ImageObject\"><div class=\"envira-gallery-item-inner\"><div class=\"envira-gallery-position-overlay  envira-gallery-top-left\"><\/div><div class=\"envira-gallery-position-overlay  envira-gallery-top-right\"><\/div><div class=\"envira-gallery-position-overlay  envira-gallery-bottom-left\"><\/div><div class=\"envira-gallery-position-overlay  envira-gallery-bottom-right\"><\/div><a href=\"http:\/\/vandaspengler.com\/wp-content\/uploads\/2017\/08\/arles2-copiecp.jpg\" class=\"envira-gallery-715 envira-gallery-link\" rel=\"enviragallery715\" title=\"arles2 copiecp\" data-envira-caption=\"arles2 copiecp\" data-envira-retina=\"\" data-thumbnail=\"\"  itemprop=\"contentUrl\"><img decoding=\"async\" id=\"envira-gallery-image-505\" class=\"envira-gallery-image envira-gallery-image-1\" data-envira-index=\"1\" src=\"http:\/\/vandaspengler.com\/wp-content\/uploads\/2017\/08\/arles2-copiecp.jpg\" data-envira-src=\"http:\/\/vandaspengler.com\/wp-content\/uploads\/2017\/08\/arles2-copiecp.jpg\" data-envira-gallery-id=\"715\" data-envira-item-id=\"505\" data-envira-caption=\"arles2 copiecp\" alt=\"\" title=\"arles2 copiecp\"  itemprop=\"thumbnailUrl\" data-envira-srcset=\"http:\/\/vandaspengler.com\/wp-content\/uploads\/2017\/08\/arles2-copiecp.jpg 400w,http:\/\/vandaspengler.com\/wp-content\/uploads\/2017\/08\/arles2-copiecp.jpg 2x\" srcset=\"http:\/\/vandaspengler.com\/wp-content\/uploads\/2017\/08\/arles2-copiecp-3600x2400.jpg 2x\" \/><\/a><\/div><\/div><div id=\"envira-gallery-item-809\" class=\"envira-gallery-item enviratope-item envira-gallery-item-2\" style=\"padding-left: 5px; padding-bottom: 10px; padding-right: 5px;\"  itemscope itemtype=\"https:\/\/schema.org\/ImageObject\"><div class=\"envira-gallery-item-inner\"><div class=\"envira-gallery-position-overlay  envira-gallery-top-left\"><\/div><div class=\"envira-gallery-position-overlay  envira-gallery-top-right\"><\/div><div class=\"envira-gallery-position-overlay  envira-gallery-bottom-left\"><\/div><div class=\"envira-gallery-position-overlay  envira-gallery-bottom-right\"><\/div><a href=\"http:\/\/vandaspengler.com\/wp-content\/uploads\/2018\/05\/vandaspengler19.jpg\" class=\"envira-gallery-715 envira-gallery-link\" rel=\"enviragallery715\" title=\"vandaspengler19\" data-envira-caption=\"vandaspengler19\" data-envira-retina=\"\" data-thumbnail=\"\"  itemprop=\"contentUrl\"><img decoding=\"async\" id=\"envira-gallery-image-809\" class=\"envira-gallery-image envira-gallery-image-2\" data-envira-index=\"2\" src=\"http:\/\/vandaspengler.com\/wp-content\/uploads\/2018\/05\/vandaspengler19-1798x1200.jpg\" data-envira-src=\"http:\/\/vandaspengler.com\/wp-content\/uploads\/2018\/05\/vandaspengler19-1798x1200.jpg\" data-envira-gallery-id=\"715\" data-envira-item-id=\"809\" data-envira-caption=\"vandaspengler19\" alt=\"\" title=\"vandaspengler19\"  itemprop=\"thumbnailUrl\" data-envira-srcset=\"http:\/\/vandaspengler.com\/wp-content\/uploads\/2018\/05\/vandaspengler19-1798x1200.jpg 400w,http:\/\/vandaspengler.com\/wp-content\/uploads\/2018\/05\/vandaspengler19-1798x1200.jpg 2x\" srcset=\"http:\/\/vandaspengler.com\/wp-content\/uploads\/2018\/05\/vandaspengler19-3600x2400.jpg 2x\" \/><\/a><\/div><\/div><div id=\"envira-gallery-item-502\" class=\"envira-gallery-item enviratope-item envira-gallery-item-3\" style=\"padding-left: 5px; padding-bottom: 10px; padding-right: 5px;\"  itemscope itemtype=\"https:\/\/schema.org\/ImageObject\"><div class=\"envira-gallery-item-inner\"><div class=\"envira-gallery-position-overlay  envira-gallery-top-left\"><\/div><div class=\"envira-gallery-position-overlay  envira-gallery-top-right\"><\/div><div class=\"envira-gallery-position-overlay  envira-gallery-bottom-left\"><\/div><div class=\"envira-gallery-position-overlay  envira-gallery-bottom-right\"><\/div><a href=\"http:\/\/vandaspengler.com\/wp-content\/uploads\/2017\/08\/arles-1-cp.jpg\" class=\"envira-gallery-715 envira-gallery-link\" rel=\"enviragallery715\" title=\"arles 1 cp\" data-envira-caption=\"arles 1 cp\" data-envira-retina=\"\" data-thumbnail=\"\"  itemprop=\"contentUrl\"><img decoding=\"async\" id=\"envira-gallery-image-502\" class=\"envira-gallery-image envira-gallery-image-3\" data-envira-index=\"3\" src=\"http:\/\/vandaspengler.com\/wp-content\/uploads\/2017\/08\/arles-1-cp.jpg\" data-envira-src=\"http:\/\/vandaspengler.com\/wp-content\/uploads\/2017\/08\/arles-1-cp.jpg\" data-envira-gallery-id=\"715\" data-envira-item-id=\"502\" data-envira-caption=\"arles 1 cp\" alt=\"\" title=\"arles 1 cp\"  itemprop=\"thumbnailUrl\" data-envira-srcset=\"http:\/\/vandaspengler.com\/wp-content\/uploads\/2017\/08\/arles-1-cp.jpg 400w,http:\/\/vandaspengler.com\/wp-content\/uploads\/2017\/08\/arles-1-cp.jpg 2x\" srcset=\"http:\/\/vandaspengler.com\/wp-content\/uploads\/2017\/08\/arles-1-cp-3600x2400.jpg 2x\" \/><\/a><\/div><\/div><div id=\"envira-gallery-item-515\" class=\"envira-gallery-item enviratope-item envira-gallery-item-4\" style=\"padding-left: 5px; padding-bottom: 10px; padding-right: 5px;\"  itemscope itemtype=\"https:\/\/schema.org\/ImageObject\"><div class=\"envira-gallery-item-inner\"><div class=\"envira-gallery-position-overlay  envira-gallery-top-left\"><\/div><div class=\"envira-gallery-position-overlay  envira-gallery-top-right\"><\/div><div class=\"envira-gallery-position-overlay  envira-gallery-bottom-left\"><\/div><div class=\"envira-gallery-position-overlay  envira-gallery-bottom-right\"><\/div><a href=\"http:\/\/vandaspengler.com\/wp-content\/uploads\/2017\/08\/arles6-cp-1.jpg\" class=\"envira-gallery-715 envira-gallery-link\" rel=\"enviragallery715\" title=\"arles6 cp\" data-envira-caption=\"arles6 cp\" data-envira-retina=\"\" data-thumbnail=\"\"  itemprop=\"contentUrl\"><img decoding=\"async\" id=\"envira-gallery-image-515\" class=\"envira-gallery-image envira-gallery-image-4\" data-envira-index=\"4\" src=\"http:\/\/vandaspengler.com\/wp-content\/uploads\/2017\/08\/arles6-cp-1.jpg\" data-envira-src=\"http:\/\/vandaspengler.com\/wp-content\/uploads\/2017\/08\/arles6-cp-1.jpg\" data-envira-gallery-id=\"715\" data-envira-item-id=\"515\" data-envira-caption=\"arles6 cp\" alt=\"\" title=\"arles6 cp\"  itemprop=\"thumbnailUrl\" data-envira-srcset=\"http:\/\/vandaspengler.com\/wp-content\/uploads\/2017\/08\/arles6-cp-1.jpg 400w,http:\/\/vandaspengler.com\/wp-content\/uploads\/2017\/08\/arles6-cp-1.jpg 2x\" srcset=\"http:\/\/vandaspengler.com\/wp-content\/uploads\/2017\/08\/arles6-cp-1-3600x2400.jpg 2x\" \/><\/a><\/div><\/div><div id=\"envira-gallery-item-507\" class=\"envira-gallery-item enviratope-item envira-gallery-item-5\" style=\"padding-left: 5px; padding-bottom: 10px; padding-right: 5px;\"  itemscope itemtype=\"https:\/\/schema.org\/ImageObject\"><div class=\"envira-gallery-item-inner\"><div class=\"envira-gallery-position-overlay  envira-gallery-top-left\"><\/div><div class=\"envira-gallery-position-overlay  envira-gallery-top-right\"><\/div><div class=\"envira-gallery-position-overlay  envira-gallery-bottom-left\"><\/div><div class=\"envira-gallery-position-overlay  envira-gallery-bottom-right\"><\/div><a href=\"http:\/\/vandaspengler.com\/wp-content\/uploads\/2017\/08\/DSC_0739-copie3cp.jpg\" class=\"envira-gallery-715 envira-gallery-link\" rel=\"enviragallery715\" title=\"DSC_0739 copie3cp\" data-envira-caption=\"DSC_0739 copie3cp\" data-envira-retina=\"\" data-thumbnail=\"\"  itemprop=\"contentUrl\"><img decoding=\"async\" id=\"envira-gallery-image-507\" class=\"envira-gallery-image envira-gallery-image-5\" data-envira-index=\"5\" src=\"http:\/\/vandaspengler.com\/wp-content\/uploads\/2017\/08\/DSC_0739-copie3cp.jpg\" data-envira-src=\"http:\/\/vandaspengler.com\/wp-content\/uploads\/2017\/08\/DSC_0739-copie3cp.jpg\" data-envira-gallery-id=\"715\" data-envira-item-id=\"507\" data-envira-caption=\"DSC_0739 copie3cp\" alt=\"\" title=\"DSC_0739 copie3cp\"  itemprop=\"thumbnailUrl\" data-envira-srcset=\"http:\/\/vandaspengler.com\/wp-content\/uploads\/2017\/08\/DSC_0739-copie3cp.jpg 400w,http:\/\/vandaspengler.com\/wp-content\/uploads\/2017\/08\/DSC_0739-copie3cp.jpg 2x\" srcset=\"http:\/\/vandaspengler.com\/wp-content\/uploads\/2017\/08\/DSC_0739-copie3cp-3600x2400.jpg 2x\" \/><\/a><\/div><\/div><div id=\"envira-gallery-item-503\" class=\"envira-gallery-item enviratope-item envira-gallery-item-6\" style=\"padding-left: 5px; padding-bottom: 10px; padding-right: 5px;\"  itemscope itemtype=\"https:\/\/schema.org\/ImageObject\"><div class=\"envira-gallery-item-inner\"><div class=\"envira-gallery-position-overlay  envira-gallery-top-left\"><\/div><div class=\"envira-gallery-position-overlay  envira-gallery-top-right\"><\/div><div class=\"envira-gallery-position-overlay  envira-gallery-bottom-left\"><\/div><div class=\"envira-gallery-position-overlay  envira-gallery-bottom-right\"><\/div><a href=\"http:\/\/vandaspengler.com\/wp-content\/uploads\/2017\/08\/arles3-cp.jpg\" class=\"envira-gallery-715 envira-gallery-link\" rel=\"enviragallery715\" title=\"arles3 cp\" data-envira-caption=\"arles3 cp\" data-envira-retina=\"\" data-thumbnail=\"\"  itemprop=\"contentUrl\"><img decoding=\"async\" id=\"envira-gallery-image-503\" class=\"envira-gallery-image envira-gallery-image-6\" data-envira-index=\"6\" src=\"http:\/\/vandaspengler.com\/wp-content\/uploads\/2017\/08\/arles3-cp.jpg\" data-envira-src=\"http:\/\/vandaspengler.com\/wp-content\/uploads\/2017\/08\/arles3-cp.jpg\" data-envira-gallery-id=\"715\" data-envira-item-id=\"503\" data-envira-caption=\"arles3 cp\" alt=\"\" title=\"arles3 cp\"  itemprop=\"thumbnailUrl\" data-envira-srcset=\"http:\/\/vandaspengler.com\/wp-content\/uploads\/2017\/08\/arles3-cp.jpg 400w,http:\/\/vandaspengler.com\/wp-content\/uploads\/2017\/08\/arles3-cp.jpg 2x\" srcset=\"http:\/\/vandaspengler.com\/wp-content\/uploads\/2017\/08\/arles3-cp-3600x2400.jpg 2x\" \/><\/a><\/div><\/div><div id=\"envira-gallery-item-808\" class=\"envira-gallery-item enviratope-item envira-gallery-item-7\" style=\"padding-left: 5px; padding-bottom: 10px; padding-right: 5px;\"  itemscope itemtype=\"https:\/\/schema.org\/ImageObject\"><div class=\"envira-gallery-item-inner\"><div class=\"envira-gallery-position-overlay  envira-gallery-top-left\"><\/div><div class=\"envira-gallery-position-overlay  envira-gallery-top-right\"><\/div><div class=\"envira-gallery-position-overlay  envira-gallery-bottom-left\"><\/div><div class=\"envira-gallery-position-overlay  envira-gallery-bottom-right\"><\/div><a href=\"http:\/\/vandaspengler.com\/wp-content\/uploads\/2018\/05\/DSC_5265-copie.jpg\" class=\"envira-gallery-715 envira-gallery-link\" rel=\"enviragallery715\" title=\"DSC_5265 copie\" data-envira-caption=\"DSC_5265 copie\" data-envira-retina=\"\" data-thumbnail=\"\"  itemprop=\"contentUrl\"><img decoding=\"async\" id=\"envira-gallery-image-808\" class=\"envira-gallery-image envira-gallery-image-7\" data-envira-index=\"7\" src=\"http:\/\/vandaspengler.com\/wp-content\/uploads\/2018\/05\/DSC_5265-copie-1600x1200.jpg\" data-envira-src=\"http:\/\/vandaspengler.com\/wp-content\/uploads\/2018\/05\/DSC_5265-copie-1600x1200.jpg\" data-envira-gallery-id=\"715\" data-envira-item-id=\"808\" data-envira-caption=\"DSC_5265 copie\" alt=\"\" title=\"DSC_5265 copie\"  itemprop=\"thumbnailUrl\" data-envira-srcset=\"http:\/\/vandaspengler.com\/wp-content\/uploads\/2018\/05\/DSC_5265-copie-1600x1200.jpg 400w,http:\/\/vandaspengler.com\/wp-content\/uploads\/2018\/05\/DSC_5265-copie-1600x1200.jpg 2x\" srcset=\"http:\/\/vandaspengler.com\/wp-content\/uploads\/2018\/05\/DSC_5265-copie-3600x2400.jpg 2x\" \/><\/a><\/div><\/div><div id=\"envira-gallery-item-810\" class=\"envira-gallery-item enviratope-item envira-gallery-item-8\" style=\"padding-left: 5px; padding-bottom: 10px; padding-right: 5px;\"  itemscope itemtype=\"https:\/\/schema.org\/ImageObject\"><div class=\"envira-gallery-item-inner\"><div class=\"envira-gallery-position-overlay  envira-gallery-top-left\"><\/div><div class=\"envira-gallery-position-overlay  envira-gallery-top-right\"><\/div><div class=\"envira-gallery-position-overlay  envira-gallery-bottom-left\"><\/div><div class=\"envira-gallery-position-overlay  envira-gallery-bottom-right\"><\/div><a href=\"http:\/\/vandaspengler.com\/wp-content\/uploads\/2018\/05\/vandaspengler9.jpg\" class=\"envira-gallery-715 envira-gallery-link\" rel=\"enviragallery715\" title=\"vandaspengler9\" data-envira-caption=\"vandaspengler9\" data-envira-retina=\"\" data-thumbnail=\"\"  itemprop=\"contentUrl\"><img decoding=\"async\" id=\"envira-gallery-image-810\" class=\"envira-gallery-image envira-gallery-image-8\" data-envira-index=\"8\" src=\"http:\/\/vandaspengler.com\/wp-content\/uploads\/2018\/05\/vandaspengler9-1798x1200.jpg\" data-envira-src=\"http:\/\/vandaspengler.com\/wp-content\/uploads\/2018\/05\/vandaspengler9-1798x1200.jpg\" data-envira-gallery-id=\"715\" data-envira-item-id=\"810\" data-envira-caption=\"vandaspengler9\" alt=\"\" title=\"vandaspengler9\"  itemprop=\"thumbnailUrl\" data-envira-srcset=\"http:\/\/vandaspengler.com\/wp-content\/uploads\/2018\/05\/vandaspengler9-1798x1200.jpg 400w,http:\/\/vandaspengler.com\/wp-content\/uploads\/2018\/05\/vandaspengler9-1798x1200.jpg 2x\" srcset=\"http:\/\/vandaspengler.com\/wp-content\/uploads\/2018\/05\/vandaspengler9-3600x2400.jpg 2x\" \/><\/a><\/div><\/div><div id=\"envira-gallery-item-1059\" class=\"envira-gallery-item enviratope-item envira-gallery-item-9\" style=\"padding-left: 5px; padding-bottom: 10px; padding-right: 5px;\"  itemscope itemtype=\"https:\/\/schema.org\/ImageObject\"><div class=\"envira-gallery-item-inner\"><div class=\"envira-gallery-position-overlay  envira-gallery-top-left\"><\/div><div class=\"envira-gallery-position-overlay  envira-gallery-top-right\"><\/div><div class=\"envira-gallery-position-overlay  envira-gallery-bottom-left\"><\/div><div class=\"envira-gallery-position-overlay  envira-gallery-bottom-right\"><\/div><a href=\"http:\/\/vandaspengler.com\/wp-content\/uploads\/2018\/05\/DSC_8882-copieimp-2.jpg\" class=\"envira-gallery-715 envira-gallery-link\" rel=\"enviragallery715\" title=\"DSC_8882 copieimp 2\" data-envira-caption=\"DSC_8882 copieimp 2\" data-envira-retina=\"\" data-thumbnail=\"\"  itemprop=\"contentUrl\"><img decoding=\"async\" id=\"envira-gallery-image-1059\" class=\"envira-gallery-image envira-gallery-image-9\" data-envira-index=\"9\" src=\"http:\/\/vandaspengler.com\/wp-content\/uploads\/2018\/05\/DSC_8882-copieimp-2-1047x1200.jpg\" data-envira-src=\"http:\/\/vandaspengler.com\/wp-content\/uploads\/2018\/05\/DSC_8882-copieimp-2-1047x1200.jpg\" data-envira-gallery-id=\"715\" data-envira-item-id=\"1059\" data-envira-caption=\"DSC_8882 copieimp 2\" alt=\"\" title=\"DSC_8882 copieimp 2\"  itemprop=\"thumbnailUrl\" data-envira-srcset=\"http:\/\/vandaspengler.com\/wp-content\/uploads\/2018\/05\/DSC_8882-copieimp-2-1047x1200.jpg 400w,http:\/\/vandaspengler.com\/wp-content\/uploads\/2018\/05\/DSC_8882-copieimp-2-1047x1200.jpg 2x\" srcset=\"http:\/\/vandaspengler.com\/wp-content\/uploads\/2018\/05\/DSC_8882-copieimp-2-3600x2400.jpg 2x\" \/><\/a><\/div><\/div><div id=\"envira-gallery-item-807\" class=\"envira-gallery-item enviratope-item envira-gallery-item-10\" style=\"padding-left: 5px; padding-bottom: 10px; padding-right: 5px;\"  itemscope itemtype=\"https:\/\/schema.org\/ImageObject\"><div class=\"envira-gallery-item-inner\"><div class=\"envira-gallery-position-overlay  envira-gallery-top-left\"><\/div><div class=\"envira-gallery-position-overlay  envira-gallery-top-right\"><\/div><div class=\"envira-gallery-position-overlay  envira-gallery-bottom-left\"><\/div><div class=\"envira-gallery-position-overlay  envira-gallery-bottom-right\"><\/div><a href=\"http:\/\/vandaspengler.com\/wp-content\/uploads\/2018\/05\/DSC_4680-copie.jpg\" class=\"envira-gallery-715 envira-gallery-link\" rel=\"enviragallery715\" title=\"DSC_4680 copie\" data-envira-caption=\"DSC_4680 copie\" data-envira-retina=\"\" data-thumbnail=\"\"  itemprop=\"contentUrl\"><img decoding=\"async\" id=\"envira-gallery-image-807\" class=\"envira-gallery-image envira-gallery-image-10\" data-envira-index=\"10\" src=\"http:\/\/vandaspengler.com\/wp-content\/uploads\/2018\/05\/DSC_4680-copie-1743x1200.jpg\" data-envira-src=\"http:\/\/vandaspengler.com\/wp-content\/uploads\/2018\/05\/DSC_4680-copie-1743x1200.jpg\" data-envira-gallery-id=\"715\" data-envira-item-id=\"807\" data-envira-caption=\"DSC_4680 copie\" alt=\"\" title=\"DSC_4680 copie\"  itemprop=\"thumbnailUrl\" data-envira-srcset=\"http:\/\/vandaspengler.com\/wp-content\/uploads\/2018\/05\/DSC_4680-copie-1743x1200.jpg 400w,http:\/\/vandaspengler.com\/wp-content\/uploads\/2018\/05\/DSC_4680-copie-1743x1200.jpg 2x\" srcset=\"http:\/\/vandaspengler.com\/wp-content\/uploads\/2018\/05\/DSC_4680-copie-3600x2400.jpg 2x\" \/><\/a><\/div><\/div><\/div><\/div><noscript><img decoding=\"async\" src=\"http:\/\/vandaspengler.com\/wp-content\/uploads\/2017\/08\/arles2-copiecp.jpg\" alt=\"\" \/><img decoding=\"async\" src=\"http:\/\/vandaspengler.com\/wp-content\/uploads\/2018\/05\/vandaspengler19.jpg\" alt=\"\" \/><img decoding=\"async\" src=\"http:\/\/vandaspengler.com\/wp-content\/uploads\/2017\/08\/arles-1-cp.jpg\" alt=\"\" \/><img decoding=\"async\" src=\"http:\/\/vandaspengler.com\/wp-content\/uploads\/2017\/08\/arles6-cp-1.jpg\" alt=\"\" \/><img decoding=\"async\" src=\"http:\/\/vandaspengler.com\/wp-content\/uploads\/2017\/08\/DSC_0739-copie3cp.jpg\" alt=\"\" \/><img decoding=\"async\" src=\"http:\/\/vandaspengler.com\/wp-content\/uploads\/2017\/08\/arles3-cp.jpg\" alt=\"\" \/><img decoding=\"async\" src=\"http:\/\/vandaspengler.com\/wp-content\/uploads\/2018\/05\/DSC_5265-copie.jpg\" alt=\"\" \/><img decoding=\"async\" src=\"http:\/\/vandaspengler.com\/wp-content\/uploads\/2018\/05\/vandaspengler9.jpg\" alt=\"\" \/><img decoding=\"async\" src=\"http:\/\/vandaspengler.com\/wp-content\/uploads\/2018\/05\/DSC_8882-copieimp-2.jpg\" alt=\"\" \/><img decoding=\"async\" src=\"http:\/\/vandaspengler.com\/wp-content\/uploads\/2018\/05\/DSC_4680-copie.jpg\" alt=\"\" \/><\/noscript>\n<p>\u00ab La description d\u2019une pens\u00e9e ou d\u2019une action, \u00e9crit Dylan Thomas, peut \u00eatre rendue famili\u00e8re en la rapportant au niveau physique. Toute id\u00e9e intuitive ou intellectuelle peut \u00eatre imag\u00e9e et traduite en termes de corps \u2013 chair, peau, sang, muscles, veines, glandes, organes, cellules ou sens. \u00bb<br \/>\nPhotographe fascin\u00e9e par l\u2019imp\u00e9n\u00e9trable cruaut\u00e9 des surfaces, Vanda Spengler s\u2019en tient quant \u00e0 elle \u00e0 la peau. La peau comme cache et comme cadre ; la peau comme \u00e9cran qui masque et r\u00e9v\u00e8le tout \u00e0 la fois la cartographie int\u00e9rieure de l\u2019\u00eatre.<br \/>\nCar c\u2019est l\u00e0 que r\u00e9side l\u2019intention premi\u00e8re de l\u2019artiste qui, \u00e0 travers ses Piet\u00e0 Profanes, s\u2019efforce de saisir, au plus pr\u00e8s de cette b\u00eate m\u00e9lancolique et nue qu\u2019est le corps humain, la signature physique d\u2019une d\u00e9tresse incalculable, \u00e9cartel\u00e9e entre Haut et Bas : d\u2019un c\u00f4t\u00e9, la tension des muscles et des ligaments qui porte la gloire de l\u2019\u00eatre sous un ciel aux allures de publicit\u00e9 mensong\u00e8re ; de l\u2019autre, l\u2019in\u00e9vitable affaissement de la chair qui c\u00e8de \u00e0 l\u2019appel de la Terre. D\u00e8s lors, s\u00e9duits par la fra\u00eecheur de l\u2019ombre, la douceur des caveaux, des souterrains, il se peut que nous fassions une halte \u00e0 mi-chemin, et que le monde se porte \u00e0 notre chevet. Nos proches nous entourent, nous accompagnent \u2013 au moins du regard. Certains nous bercent. D\u2019autres, peut-\u00eatre, nous fermeront les yeux&#8230;<br \/>\nEt pourtant nous voyons : bien qu\u2019en r\u00e9union, accol\u00e9s ou enchev\u00eatr\u00e9s, les corps ne parviendront jamais vraiment \u00e0 se m\u00e9langer. Ainsi commence l\u2019exp\u00e9rience de la solitude \u2013 le seul infini v\u00e9ritable que nous ayons encore \u00e0 notre disposition.<\/p>\n<p>Par Sylvain Besnard<\/p>\n","protected":false},"excerpt":{"rendered":"<p>Piet\u00e0s Profanes \u00ab La description d\u2019une pens\u00e9e ou d\u2019une action, \u00e9crit Dylan Thomas, peut \u00eatre rendue famili\u00e8re en la rapportant au niveau physique. Toute id\u00e9e intuitive ou intellectuelle peut \u00eatre imag\u00e9e et traduite en termes de corps \u2013 chair, peau, sang, muscles, veines, glandes, organes, cellules ou sens. \u00bb Photographe fascin\u00e9e par l\u2019imp\u00e9n\u00e9trable cruaut\u00e9 des [&hellip;]<\/p>\n","protected":false},"author":2,"featured_media":0,"parent":0,"menu_order":0,"comment_status":"closed","ping_status":"closed","template":"","meta":{"footnotes":""},"class_list":["post-501","page","type-page","status-publish","hentry"],"_links":{"self":[{"href":"http:\/\/vandaspengler.com\/index.php\/wp-json\/wp\/v2\/pages\/501","targetHints":{"allow":["GET"]}}],"collection":[{"href":"http:\/\/vandaspengler.com\/index.php\/wp-json\/wp\/v2\/pages"}],"about":[{"href":"http:\/\/vandaspengler.com\/index.php\/wp-json\/wp\/v2\/types\/page"}],"author":[{"embeddable":true,"href":"http:\/\/vandaspengler.com\/index.php\/wp-json\/wp\/v2\/users\/2"}],"replies":[{"embeddable":true,"href":"http:\/\/vandaspengler.com\/index.php\/wp-json\/wp\/v2\/comments?post=501"}],"version-history":[{"count":6,"href":"http:\/\/vandaspengler.com\/index.php\/wp-json\/wp\/v2\/pages\/501\/revisions"}],"predecessor-version":[{"id":1557,"href":"http:\/\/vandaspengler.com\/index.php\/wp-json\/wp\/v2\/pages\/501\/revisions\/1557"}],"wp:attachment":[{"href":"http:\/\/vandaspengler.com\/index.php\/wp-json\/wp\/v2\/media?parent=501"}],"curies":[{"name":"wp","href":"https:\/\/api.w.org\/{rel}","templated":true}]}}